{"id":68,"date":"2023-11-10T00:37:10","date_gmt":"2023-11-09T21:37:10","guid":{"rendered":"https:\/\/www.konya24.com\/tr-int\/?page_id=68"},"modified":"2025-10-21T02:03:31","modified_gmt":"2025-10-20T23:03:31","slug":"bize-ulasin","status":"publish","type":"page","link":"https:\/\/www.konya24.tr\/tr-tr\/bize-ulasin\/","title":{"rendered":"Bize Ula\u015f\u0131n"},"content":{"rendered":"<h3>Konya 24<\/h3>\n<p><strong>E-posta:<\/strong> <a href=\"mailto:merhaba@konya24.tr\">merhaba@konya24.tr<\/a><\/p>\n<p>Yay\u0131nc\u0131:<\/p>\n<p>TN Medya Reklam Bili\u015fim Ltd. \u015eti.<\/p>\n<p>Ni\u015fanta\u015f Mah. Dr. M. Hulusi Baybal Cad. <\/p>\n<p>Haz\u0131m Ulu\u015fahin \u0130\u015f Merkezi Sitesi A Blok No: 1 \u0130\u00e7 kap\u0131: 408<\/p>\n<p>42060 Sel\u00e7uklu \/ Konya<\/p>\n<p>T\u00fcrkiye<\/p>\n<p>Google Haberler: <a href=\"https:\/\/news.google.com\/publications\/CAAqBwgKMMe1pgwwrcPsAg\" target=\"_blank\" rel=\"nofollow noopener\">https:\/\/news.google.com\/publications\/CAAqBwgKMMe1pgwwrcPsAg<\/a><\/p>\n","protected":false},"excerpt":{"rendered":"<p>Konya 24 E-posta: merhaba@konya24.tr Yay\u0131nc\u0131: TN Medya Reklam Bili\u015fim Ltd. \u015eti. Ni\u015fanta\u015f Mah. Dr. M. Hulusi Baybal Cad. Haz\u0131m Ulu\u015fahin \u0130\u015f Merkezi Sitesi A Blok No: 1 \u0130\u00e7 kap\u0131: 408 &hellip; <\/p>\n","protected":false},"author":1,"featured_media":0,"parent":0,"menu_order":0,"comment_status":"closed","ping_status":"closed","template":"","meta":{"footnotes":""},"class_list":["post-68","page","type-page","status-publish","hentry"],"yoast_head":"<!-- This site is optimized with the Yoast SEO plugin v26.7 - https:\/\/yoast.com\/wordpress\/plugins\/seo\/ -->\n<title>Bize Ula\u015f\u0131n<\/title>\n<meta name=\"description\" content=\"Konya 24 E-posta: merhaba@konya24.tr Yay\u0131nc\u0131: TN Medya Reklam Bili\u015fim Ltd. \u015eti. Ni\u015fanta\u015f Mah. Dr. M. Hulusi Baybal Cad. Haz\u0131m Ulu\u015fahin \u0130\u015f Merkezi Sitesi A\" \/>\n<meta name=\"robots\" content=\"index, follow, max-snippet:-1, max-image-preview:large, max-video-preview:-1\" \/>\n<link rel=\"canonical\" href=\"https:\/\/www.konya24.tr\/tr-tr\/bize-ulasin\/\" \/>\n<meta property=\"og:locale\" content=\"tr_TR\" \/>\n<meta property=\"og:type\" content=\"article\" \/>\n<meta property=\"og:title\" content=\"Bize Ula\u015f\u0131n\" \/>\n<meta property=\"og:description\" content=\"Konya 24 E-posta: merhaba@konya24.tr Yay\u0131nc\u0131: TN Medya Reklam Bili\u015fim Ltd. \u015eti. Ni\u015fanta\u015f Mah. Dr. M. Hulusi Baybal Cad. Haz\u0131m Ulu\u015fahin \u0130\u015f Merkezi Sitesi A\" \/>\n<meta property=\"og:url\" content=\"https:\/\/www.konya24.tr\/tr-tr\/bize-ulasin\/\" \/>\n<meta property=\"og:site_name\" content=\"Konya 24\" \/>\n<meta property=\"article:modified_time\" content=\"2025-10-20T23:03:31+00:00\" \/>\n<meta name=\"twitter:card\" content=\"summary_large_image\" \/>\n<meta name=\"twitter:label1\" content=\"Tahmini okuma s\u00fcresi\" \/>\n\t<meta name=\"twitter:data1\" content=\"1 dakika\" \/>\n<script type=\"application\/ld+json\" class=\"yoast-schema-graph\">{\"@context\":\"https:\/\/schema.org\",\"@graph\":[{\"@type\":\"WebPage\",\"@id\":\"https:\/\/www.konya24.tr\/tr-tr\/bize-ulasin\/\",\"url\":\"https:\/\/www.konya24.tr\/tr-tr\/bize-ulasin\/\",\"name\":\"Bize Ula\u015f\u0131n\",\"isPartOf\":{\"@id\":\"https:\/\/www.konya24.tr\/tr-tr\/#website\"},\"datePublished\":\"2023-11-09T21:37:10+00:00\",\"dateModified\":\"2025-10-20T23:03:31+00:00\",\"description\":\"Konya 24 E-posta: merhaba@konya24.tr Yay\u0131nc\u0131: TN Medya Reklam Bili\u015fim Ltd. \u015eti. Ni\u015fanta\u015f Mah. Dr. M. Hulusi Baybal Cad. Haz\u0131m Ulu\u015fahin \u0130\u015f Merkezi Sitesi A\",\"breadcrumb\":{\"@id\":\"https:\/\/www.konya24.tr\/tr-tr\/bize-ulasin\/#breadcrumb\"},\"inLanguage\":\"tr\",\"potentialAction\":[{\"@type\":\"ReadAction\",\"target\":[\"https:\/\/www.konya24.tr\/tr-tr\/bize-ulasin\/\"]}]},{\"@type\":\"BreadcrumbList\",\"@id\":\"https:\/\/www.konya24.tr\/tr-tr\/bize-ulasin\/#breadcrumb\",\"itemListElement\":[{\"@type\":\"ListItem\",\"position\":1,\"name\":\"Home\",\"item\":\"https:\/\/www.konya24.tr\/tr-tr\/\"},{\"@type\":\"ListItem\",\"position\":2,\"name\":\"Bize Ula\u015f\u0131n\"}]},{\"@type\":\"WebSite\",\"@id\":\"https:\/\/www.konya24.tr\/tr-tr\/#website\",\"url\":\"https:\/\/www.konya24.tr\/tr-tr\/\",\"name\":\"Konya 24\",\"description\":\"\",\"publisher\":{\"@id\":\"https:\/\/www.konya24.tr\/tr-tr\/#organization\"},\"potentialAction\":[{\"@type\":\"SearchAction\",\"target\":{\"@type\":\"EntryPoint\",\"urlTemplate\":\"https:\/\/www.konya24.tr\/tr-tr\/?s={search_term_string}\"},\"query-input\":{\"@type\":\"PropertyValueSpecification\",\"valueRequired\":true,\"valueName\":\"search_term_string\"}}],\"inLanguage\":\"tr\"},{\"@type\":\"Organization\",\"@id\":\"https:\/\/www.konya24.tr\/tr-tr\/#organization\",\"name\":\"Konya 24\",\"url\":\"https:\/\/www.konya24.tr\/tr-tr\/\",\"logo\":{\"@type\":\"ImageObject\",\"inLanguage\":\"tr\",\"@id\":\"https:\/\/www.konya24.tr\/tr-tr\/#\/schema\/logo\/image\/\",\"url\":\"https:\/\/www.konya24.tr\/tr-tr\/wp-content\/uploads\/2023\/11\/konya-24-logo-228-x-100-acik.png\",\"contentUrl\":\"https:\/\/www.konya24.tr\/tr-tr\/wp-content\/uploads\/2023\/11\/konya-24-logo-228-x-100-acik.png\",\"width\":228,\"height\":100,\"caption\":\"Konya 24\"},\"image\":{\"@id\":\"https:\/\/www.konya24.tr\/tr-tr\/#\/schema\/logo\/image\/\"}}]}<\/script>\n<!-- \/ Yoast SEO plugin. -->","yoast_head_json":{"title":"Bize Ula\u015f\u0131n","description":"Konya 24 E-posta: merhaba@konya24.tr Yay\u0131nc\u0131: TN Medya Reklam Bili\u015fim Ltd. \u015eti. Ni\u015fanta\u015f Mah. Dr. M. Hulusi Baybal Cad. Haz\u0131m Ulu\u015fahin \u0130\u015f Merkezi Sitesi A","robots":{"index":"index","follow":"follow","max-snippet":"max-snippet:-1","max-image-preview":"max-image-preview:large","max-video-preview":"max-video-preview:-1"},"canonical":"https:\/\/www.konya24.tr\/tr-tr\/bize-ulasin\/","og_locale":"tr_TR","og_type":"article","og_title":"Bize Ula\u015f\u0131n","og_description":"Konya 24 E-posta: merhaba@konya24.tr Yay\u0131nc\u0131: TN Medya Reklam Bili\u015fim Ltd. \u015eti. Ni\u015fanta\u015f Mah. Dr. M. Hulusi Baybal Cad. Haz\u0131m Ulu\u015fahin \u0130\u015f Merkezi Sitesi A","og_url":"https:\/\/www.konya24.tr\/tr-tr\/bize-ulasin\/","og_site_name":"Konya 24","article_modified_time":"2025-10-20T23:03:31+00:00","twitter_card":"summary_large_image","twitter_misc":{"Tahmini okuma s\u00fcresi":"1 dakika"},"schema":{"@context":"https:\/\/schema.org","@graph":[{"@type":"WebPage","@id":"https:\/\/www.konya24.tr\/tr-tr\/bize-ulasin\/","url":"https:\/\/www.konya24.tr\/tr-tr\/bize-ulasin\/","name":"Bize Ula\u015f\u0131n","isPartOf":{"@id":"https:\/\/www.konya24.tr\/tr-tr\/#website"},"datePublished":"2023-11-09T21:37:10+00:00","dateModified":"2025-10-20T23:03:31+00:00","description":"Konya 24 E-posta: merhaba@konya24.tr Yay\u0131nc\u0131: TN Medya Reklam Bili\u015fim Ltd. \u015eti. Ni\u015fanta\u015f Mah. Dr. M. Hulusi Baybal Cad. Haz\u0131m Ulu\u015fahin \u0130\u015f Merkezi Sitesi A","breadcrumb":{"@id":"https:\/\/www.konya24.tr\/tr-tr\/bize-ulasin\/#breadcrumb"},"inLanguage":"tr","potentialAction":[{"@type":"ReadAction","target":["https:\/\/www.konya24.tr\/tr-tr\/bize-ulasin\/"]}]},{"@type":"BreadcrumbList","@id":"https:\/\/www.konya24.tr\/tr-tr\/bize-ulasin\/#breadcrumb","itemListElement":[{"@type":"ListItem","position":1,"name":"Home","item":"https:\/\/www.konya24.tr\/tr-tr\/"},{"@type":"ListItem","position":2,"name":"Bize Ula\u015f\u0131n"}]},{"@type":"WebSite","@id":"https:\/\/www.konya24.tr\/tr-tr\/#website","url":"https:\/\/www.konya24.tr\/tr-tr\/","name":"Konya 24","description":"","publisher":{"@id":"https:\/\/www.konya24.tr\/tr-tr\/#organization"},"potentialAction":[{"@type":"SearchAction","target":{"@type":"EntryPoint","urlTemplate":"https:\/\/www.konya24.tr\/tr-tr\/?s={search_term_string}"},"query-input":{"@type":"PropertyValueSpecification","valueRequired":true,"valueName":"search_term_string"}}],"inLanguage":"tr"},{"@type":"Organization","@id":"https:\/\/www.konya24.tr\/tr-tr\/#organization","name":"Konya 24","url":"https:\/\/www.konya24.tr\/tr-tr\/","logo":{"@type":"ImageObject","inLanguage":"tr","@id":"https:\/\/www.konya24.tr\/tr-tr\/#\/schema\/logo\/image\/","url":"https:\/\/www.konya24.tr\/tr-tr\/wp-content\/uploads\/2023\/11\/konya-24-logo-228-x-100-acik.png","contentUrl":"https:\/\/www.konya24.tr\/tr-tr\/wp-content\/uploads\/2023\/11\/konya-24-logo-228-x-100-acik.png","width":228,"height":100,"caption":"Konya 24"},"image":{"@id":"https:\/\/www.konya24.tr\/tr-tr\/#\/schema\/logo\/image\/"}}]}},"_links":{"self":[{"href":"https:\/\/www.konya24.tr\/tr-tr\/wp-json\/wp\/v2\/pages\/68","targetHints":{"allow":["GET"]}}],"collection":[{"href":"https:\/\/www.konya24.tr\/tr-tr\/wp-json\/wp\/v2\/pages"}],"about":[{"href":"https:\/\/www.konya24.tr\/tr-tr\/wp-json\/wp\/v2\/types\/page"}],"author":[{"embeddable":true,"href":"https:\/\/www.konya24.tr\/tr-tr\/wp-json\/wp\/v2\/users\/1"}],"replies":[{"embeddable":true,"href":"https:\/\/www.konya24.tr\/tr-tr\/wp-json\/wp\/v2\/comments?post=68"}],"version-history":[{"count":1,"href":"https:\/\/www.konya24.tr\/tr-tr\/wp-json\/wp\/v2\/pages\/68\/revisions"}],"predecessor-version":[{"id":2174,"href":"https:\/\/www.konya24.tr\/tr-tr\/wp-json\/wp\/v2\/pages\/68\/revisions\/2174"}],"wp:attachment":[{"href":"https:\/\/www.konya24.tr\/tr-tr\/wp-json\/wp\/v2\/media?parent=68"}],"curies":[{"name":"wp","href":"https:\/\/api.w.org\/{rel}","templated":true}]}}